{"id":31,"date":"2012-03-30T17:27:53","date_gmt":"2012-03-30T14:27:53","guid":{"rendered":"http:\/\/concordia.fi\/second\/?page_id=31"},"modified":"2018-11-08T15:42:02","modified_gmt":"2018-11-08T12:42:02","slug":"luther-divari","status":"publish","type":"page","link":"https:\/\/concordia.fi\/second\/luther-divari\/","title":{"rendered":"Luther-Divari"},"content":{"rendered":"<p><img loading=\"lazy\" class=\"alignleft size-full wp-image-269\" title=\"Divariin\" src=\"http:\/\/concordia.fi\/second\/wp-content\/uploads\/2012\/04\/divari.jpg\" alt=\"\" width=\"293\" height=\"172\" srcset=\"https:\/\/concordia.fi\/second\/wp-content\/uploads\/2012\/04\/divari.jpg 293w, https:\/\/concordia.fi\/second\/wp-content\/uploads\/2012\/04\/divari-153x90.jpg 153w\" sizes=\"(max-width: 293px) 100vw, 293px\" \/>Tervetuloa uudistetuille ja \u00e4skett\u00e4in avatuille sosiaalisemmille LutherDivarin sivuille\u00a0<a href=\"http:\/\/www.lutherdivari.fi\" target=\"_blank\" rel=\"noopener\">www.lutherdivari.fi<\/a><br \/>\nLuther-Kirjat Oy \/Hannu Halonen, Mechelinink. 49 00250 HELSINKI<br \/>\nLiiketila Helsingiss\u00e4 Mechelinink.49 00250 Hki, ark. 10.30-17.30 tai sopimuksen mukaan, esim. la 11-15! Varmista ett\u00e4 olemme paikalla!<\/p>\n<blockquote><p><strong>GSM<\/strong> <em>0440-772233<\/em>.<br \/>\n<strong>S\u00e4hk\u00f6posti:<\/strong> <em>hannu.halonen@concordia.fi<\/em><br \/>\n<strong>tai<\/strong> <em>lutherdivari@gmail.com<\/em><\/p>\n<p><strong>Internet:<\/strong> <em>www.concordia.fi<\/em><br \/>\n<strong>Luther-Kirjat Oy:n tili:<\/strong> <em>OP 551200-29882<\/em><br \/>\n<strong>Y-tunnus<\/strong><em> 1729281-2 <\/em>ALV.rek<\/p><\/blockquote>\n<p>Luther-divari my\u00f6s ostaa, vaihtaa ja etsii luterilaista kirjallisuutta. Noudamme suuremmat er\u00e4t. Loppuunmyydyist\u00e4 kirjatilauksistaa j\u00e4t\u00e4mme varauksen ja otamme yhteytt\u00e4. Tilausten posti- ja k\u00e4sittelykulut 3-4,50e\/alle kilon kirjel\u00e4hetykset tai 8,50e\/paketti. Pyydett\u00e4ess\u00e4 kotipaketti kotiin tuotuna 15e. Ulkomaille kulujen mukaan. Huom! Useimmista kristillisten kustantajien kirjoista noin 10% alennus ohjehinnoista. Kirjoilla palautusoikeus. ILMOITA JOS KIIRE!<\/p>\n<p>J\u00e4t\u00e4 divariin my\u00f6s varauksia ja puutelistoja. Luther-divarin suosittelemat esimerkkiteokset kirjoitettu vahvennetuilla kirjaimilla. Ota yhteytt\u00e4!<\/p>\n<p>Voit tilata joko alla olevalla lomakkeella tai astu sis\u00e4\u00e4n <a href=\"http:\/\/www.lutherdivari.fi\" target=\"_blank\" rel=\"noopener\">LutherDivari.fi<\/a>.<\/p>\n<p>[contact-form to=&#8217;oikarinenmarko@gmail.com&#8217; subject=&#8217;LOMAKE T\u00c4YTETTY concordia.fi -sivustolla&#8217;][contact-field label=&#8217;Nimi&#8217; type=&#8217;name&#8217; required=&#8217;1&#8217;\/][contact-field label=&#8217;S\u00e4hk\u00f6posti&#8217; type=&#8217;email&#8217; required=&#8217;1&#8217;\/][contact-field label=&#8217;Yhteystiedot&#8217; type=&#8217;textarea&#8217; required=&#8217;1&#8217;\/][contact-field label=&#8217;Tilauksen tiedot&#8217; type=&#8217;textarea&#8217; required=&#8217;1&#8217;\/][\/contact-form]<\/p>\n","protected":false},"excerpt":{"rendered":"<p>Tervetuloa uudistetuille ja \u00e4skett\u00e4in avatuille sosiaalisemmille LutherDivarin sivuille\u00a0www.lutherdivari.fi Luther-Kirjat Oy \/Hannu Halonen, Mechelinink. 49 00250 HELSINKI Liiketila Helsingiss\u00e4 Mechelinink.49 00250 Hki, ark. 10.30-17.30 tai sopimuksen mukaan, esim. la 11-15! Varmista ett\u00e4 olemme paikalla! GSM 0440-772233. S\u00e4hk\u00f6posti: hannu.halonen@concordia.fi tai lutherdivari@gmail.com Internet: www.concordia.fi Luther-Kirjat Oy:n tili: OP 551200-29882 Y-tunnus 1729281-2 ALV.rek Luther-divari my\u00f6s ostaa, vaihtaa ja etsii [&hellip;]<\/p>\n","protected":false},"author":1,"featured_media":269,"parent":0,"menu_order":0,"comment_status":"closed","ping_status":"open","template":"","meta":[],"_links":{"self":[{"href":"https:\/\/concordia.fi\/second\/wp-json\/wp\/v2\/pages\/31"}],"collection":[{"href":"https:\/\/concordia.fi\/second\/wp-json\/wp\/v2\/pages"}],"about":[{"href":"https:\/\/concordia.fi\/second\/wp-json\/wp\/v2\/types\/page"}],"author":[{"embeddable":true,"href":"https:\/\/concordia.fi\/second\/wp-json\/wp\/v2\/users\/1"}],"replies":[{"embeddable":true,"href":"https:\/\/concordia.fi\/second\/wp-json\/wp\/v2\/comments?post=31"}],"version-history":[{"count":153,"href":"https:\/\/concordia.fi\/second\/wp-json\/wp\/v2\/pages\/31\/revisions"}],"predecessor-version":[{"id":2832,"href":"https:\/\/concordia.fi\/second\/wp-json\/wp\/v2\/pages\/31\/revisions\/2832"}],"wp:featuredmedia":[{"embeddable":true,"href":"https:\/\/concordia.fi\/second\/wp-json\/wp\/v2\/media\/269"}],"wp:attachment":[{"href":"https:\/\/concordia.fi\/second\/wp-json\/wp\/v2\/media?parent=31"}],"curies":[{"name":"wp","href":"https:\/\/api.w.org\/{rel}","templated":true}]}}