{"id":22,"date":"2012-03-30T17:25:33","date_gmt":"2012-03-30T14:25:33","guid":{"rendered":"http:\/\/concordia.fi\/second\/?page_id=22"},"modified":"2012-04-02T10:34:02","modified_gmt":"2012-04-02T07:34:02","slug":"etusivu","status":"publish","type":"page","link":"https:\/\/concordia.fi\/second\/etusivu\/","title":{"rendered":"Etusivu"},"content":{"rendered":"<p>T\u00e4m\u00e4 on ensimm\u00e4inen sivu<\/p>\n","protected":false},"excerpt":{"rendered":"<p>T\u00e4m\u00e4 on ensimm\u00e4inen sivu<\/p>\n","protected":false},"author":1,"featured_media":0,"parent":0,"menu_order":0,"comment_status":"closed","ping_status":"closed","template":"home.php","meta":[],"_links":{"self":[{"href":"https:\/\/concordia.fi\/second\/wp-json\/wp\/v2\/pages\/22"}],"collection":[{"href":"https:\/\/concordia.fi\/second\/wp-json\/wp\/v2\/pages"}],"about":[{"href":"https:\/\/concordia.fi\/second\/wp-json\/wp\/v2\/types\/page"}],"author":[{"embeddable":true,"href":"https:\/\/concordia.fi\/second\/wp-json\/wp\/v2\/users\/1"}],"replies":[{"embeddable":true,"href":"https:\/\/concordia.fi\/second\/wp-json\/wp\/v2\/comments?post=22"}],"version-history":[{"count":2,"href":"https:\/\/concordia.fi\/second\/wp-json\/wp\/v2\/pages\/22\/revisions"}],"predecessor-version":[{"id":220,"href":"https:\/\/concordia.fi\/second\/wp-json\/wp\/v2\/pages\/22\/revisions\/220"}],"wp:attachment":[{"href":"https:\/\/concordia.fi\/second\/wp-json\/wp\/v2\/media?parent=22"}],"curies":[{"name":"wp","href":"https:\/\/api.w.org\/{rel}","templated":true}]}}